{"id":98,"date":"2024-04-30T08:15:33","date_gmt":"2024-04-30T11:15:33","guid":{"rendered":"https:\/\/sindirevendas.com\/?page_id=98"},"modified":"2025-10-01T15:44:38","modified_gmt":"2025-10-01T18:44:38","slug":"convencoes","status":"publish","type":"page","link":"https:\/\/sindirevendas.com\/index.php\/convencoes\/","title":{"rendered":"Conven\u00e7\u00f5es"},"content":{"rendered":"\t\t<div data-elementor-type=\"wp-page\" data-elementor-id=\"98\" class=\"elementor elementor-98\" data-elementor-post-type=\"page\">\n\t\t\t\t<div class=\"elementor-element elementor-element-c0d115c e-flex e-con-boxed e-con e-parent\" data-id=\"c0d115c\" data-element_type=\"container\">\n\t\t\t\t\t<div class=\"e-con-inner\">\n\t\t\t\t<div class=\"elementor-element elementor-element-67fd198 elementor-widget elementor-widget-heading\" data-id=\"67fd198\" data-element_type=\"widget\" data-widget_type=\"heading.default\">\n\t\t\t\t<div class=\"elementor-widget-container\">\n\t\t\t\t\t<h2 class=\"elementor-heading-title elementor-size-default\">CONVEN\u00c7\u00d5ES<\/h2>\t\t\t\t<\/div>\n\t\t\t\t<\/div>\n\t\t\t\t\t<\/div>\n\t\t\t\t<\/div>\n\t\t<div class=\"elementor-element elementor-element-b96f6be e-flex e-con-boxed e-con e-parent\" data-id=\"b96f6be\" data-element_type=\"container\">\n\t\t\t\t\t<div class=\"e-con-inner\">\n\t\t<div class=\"elementor-element elementor-element-f04350f e-con-full e-flex e-con e-child\" data-id=\"f04350f\" data-element_type=\"container\">\n\t\t\t\t<div class=\"elementor-element elementor-element-d544189 elementor-widget elementor-widget-heading\" data-id=\"d544189\" data-element_type=\"widget\" data-widget_type=\"heading.default\">\n\t\t\t\t<div class=\"elementor-widget-container\">\n\t\t\t\t\t<h2 class=\"elementor-heading-title elementor-size-default\">CONVEN\u00c7\u00c3O INTERIOR  DE S\u00c3O PAULO<\/h2>\t\t\t\t<\/div>\n\t\t\t\t<\/div>\n\t\t\t\t<div class=\"elementor-element elementor-element-c24d03f elementor-widget elementor-widget-heading\" data-id=\"c24d03f\" data-element_type=\"widget\" data-widget_type=\"heading.default\">\n\t\t\t\t<div class=\"elementor-widget-container\">\n\t\t\t\t\t<h2 class=\"elementor-heading-title elementor-size-default\">CONVEN\u00c7\u00c3O ATIBAIA E REGI\u00c3O<\/h2>\t\t\t\t<\/div>\n\t\t\t\t<\/div>\n\t\t\t\t<div class=\"elementor-element elementor-element-0406899 elementor-widget elementor-widget-heading\" data-id=\"0406899\" data-element_type=\"widget\" data-widget_type=\"heading.default\">\n\t\t\t\t<div class=\"elementor-widget-container\">\n\t\t\t\t\t<h2 class=\"elementor-heading-title elementor-size-default\">CONVEN\u00c7\u00c3O BAURU<\/h2>\t\t\t\t<\/div>\n\t\t\t\t<\/div>\n\t\t\t\t<div class=\"elementor-element elementor-element-b4ea94e elementor-widget elementor-widget-heading\" data-id=\"b4ea94e\" data-element_type=\"widget\" data-widget_type=\"heading.default\">\n\t\t\t\t<div class=\"elementor-widget-container\">\n\t\t\t\t\t<h2 class=\"elementor-heading-title elementor-size-default\">CONVEN\u00c7\u00c3O CAMPINAS E REGI\u00c3O<\/h2>\t\t\t\t<\/div>\n\t\t\t\t<\/div>\n\t\t\t\t<div class=\"elementor-element elementor-element-af728eb elementor-widget elementor-widget-heading\" data-id=\"af728eb\" data-element_type=\"widget\" data-widget_type=\"heading.default\">\n\t\t\t\t<div class=\"elementor-widget-container\">\n\t\t\t\t\t<h2 class=\"elementor-heading-title elementor-size-default\">CONVEN\u00c7\u00c3O JUNDIAI E REGI\u00c3O<\/h2>\t\t\t\t<\/div>\n\t\t\t\t<\/div>\n\t\t\t\t<div class=\"elementor-element elementor-element-b3b9c1c elementor-widget elementor-widget-heading\" data-id=\"b3b9c1c\" data-element_type=\"widget\" data-widget_type=\"heading.default\">\n\t\t\t\t<div class=\"elementor-widget-container\">\n\t\t\t\t\t<h2 class=\"elementor-heading-title elementor-size-default\">CONVEN\u00c7\u00c3O COLETIVA 2024 - 2025<\/h2>\t\t\t\t<\/div>\n\t\t\t\t<\/div>\n\t\t\t\t<div class=\"elementor-element elementor-element-15d150f elementor-widget elementor-widget-heading\" data-id=\"15d150f\" data-element_type=\"widget\" data-widget_type=\"heading.default\">\n\t\t\t\t<div class=\"elementor-widget-container\">\n\t\t\t\t\t<h2 class=\"elementor-heading-title elementor-size-default\">CONVEN\u00c7\u00c3O COLETIVA de TRABALHO 2025 - 2026 DOC.1 - SEEDESP<\/h2>\t\t\t\t<\/div>\n\t\t\t\t<\/div>\n\t\t\t\t<div class=\"elementor-element elementor-element-1c31c67 elementor-widget elementor-widget-heading\" data-id=\"1c31c67\" data-element_type=\"widget\" data-widget_type=\"heading.default\">\n\t\t\t\t<div class=\"elementor-widget-container\">\n\t\t\t\t\t<h2 class=\"elementor-heading-title elementor-size-default\">CONVEN\u00c7\u00c3O COLETIVA de TRABALHO 2025 - 2026 DOC.2 - CAMPINAS<\/h2>\t\t\t\t<\/div>\n\t\t\t\t<\/div>\n\t\t\t\t<div class=\"elementor-element elementor-element-1b12dcb elementor-widget elementor-widget-heading\" data-id=\"1b12dcb\" data-element_type=\"widget\" data-widget_type=\"heading.default\">\n\t\t\t\t<div class=\"elementor-widget-container\">\n\t\t\t\t\t<h2 class=\"elementor-heading-title elementor-size-default\">CONVEN\u00c7\u00c3O COLETIVA de TRABALHO 2025 - 2026 DOC.3 - JUNDIA\u00cd<\/h2>\t\t\t\t<\/div>\n\t\t\t\t<\/div>\n\t\t\t\t<\/div>\n\t\t<div class=\"elementor-element elementor-element-9cc61ba e-con-full e-flex e-con e-child\" data-id=\"9cc61ba\" data-element_type=\"container\">\n\t\t\t\t<div class=\"elementor-element elementor-element-28e4fa5 elementor-widget elementor-widget-heading\" data-id=\"28e4fa5\" data-element_type=\"widget\" data-widget_type=\"heading.default\">\n\t\t\t\t<div class=\"elementor-widget-container\">\n\t\t\t\t\t<h2 class=\"elementor-heading-title elementor-size-default\"><a href=\"https:\/\/sindirevendas.com\/docs\/convencoes\/conven%C3%A7%C3%A3o_interior_SP.pdf\">ACESSE AQUI<\/a><\/h2>\t\t\t\t<\/div>\n\t\t\t\t<\/div>\n\t\t\t\t<div class=\"elementor-element elementor-element-b64704b elementor-widget elementor-widget-heading\" data-id=\"b64704b\" data-element_type=\"widget\" data-widget_type=\"heading.default\">\n\t\t\t\t<div class=\"elementor-widget-container\">\n\t\t\t\t\t<h2 class=\"elementor-heading-title elementor-size-default\"><a href=\"https:\/\/sindirevendas.com\/docs\/convencoes\/conven%C3%A7%C3%A3o_atibaia_regi%C3%A3o.pdf\">ACESSE AQUI<\/a><\/h2>\t\t\t\t<\/div>\n\t\t\t\t<\/div>\n\t\t\t\t<div class=\"elementor-element elementor-element-14c8dec elementor-widget elementor-widget-heading\" data-id=\"14c8dec\" data-element_type=\"widget\" data-widget_type=\"heading.default\">\n\t\t\t\t<div class=\"elementor-widget-container\">\n\t\t\t\t\t<h2 class=\"elementor-heading-title elementor-size-default\"><a href=\"https:\/\/sindirevendas.com\/docs\/convencoes\/convencao_bauru.pdf\">ACESSE AQUI<\/a><\/h2>\t\t\t\t<\/div>\n\t\t\t\t<\/div>\n\t\t\t\t<div class=\"elementor-element elementor-element-395e20a elementor-widget elementor-widget-heading\" data-id=\"395e20a\" data-element_type=\"widget\" data-widget_type=\"heading.default\">\n\t\t\t\t<div class=\"elementor-widget-container\">\n\t\t\t\t\t<h2 class=\"elementor-heading-title elementor-size-default\"><a href=\"https:\/\/sindirevendas.com\/docs\/convencoes\/conven%C3%A7%C3%A3o_campinas_regi%C3%A3o.pdf\">ACESSE AQUI<\/a><\/h2>\t\t\t\t<\/div>\n\t\t\t\t<\/div>\n\t\t\t\t<div class=\"elementor-element elementor-element-51a8ed4 elementor-widget elementor-widget-heading\" data-id=\"51a8ed4\" data-element_type=\"widget\" data-widget_type=\"heading.default\">\n\t\t\t\t<div class=\"elementor-widget-container\">\n\t\t\t\t\t<h2 class=\"elementor-heading-title elementor-size-default\"><a href=\"https:\/\/sindirevendas.com\/docs\/convencoes\/conven%C3%A7%C3%A3o_jundiai_regiao.pdf\">ACESSE AQUI<\/a><\/h2>\t\t\t\t<\/div>\n\t\t\t\t<\/div>\n\t\t\t\t<div class=\"elementor-element elementor-element-b561547 elementor-widget elementor-widget-heading\" data-id=\"b561547\" data-element_type=\"widget\" data-widget_type=\"heading.default\">\n\t\t\t\t<div class=\"elementor-widget-container\">\n\t\t\t\t\t<h2 class=\"elementor-heading-title elementor-size-default\"><a href=\"https:\/\/sindirevendas.com\/docs\/convencoes\/convencao_2024_25.pdf?_t=1751293175\">ACESSE AQUI<\/a><\/h2>\t\t\t\t<\/div>\n\t\t\t\t<\/div>\n\t\t\t\t<div class=\"elementor-element elementor-element-7d330b8 elementor-widget elementor-widget-heading\" data-id=\"7d330b8\" data-element_type=\"widget\" data-widget_type=\"heading.default\">\n\t\t\t\t<div class=\"elementor-widget-container\">\n\t\t\t\t\t<h2 class=\"elementor-heading-title elementor-size-default\"><a href=\"https:\/\/sindirevendas.com\/docs\/convencoes\/SINDIREVENDAS_CONVENCAO_COLETIVA_DE_TRABALHO_2025_2026-Atualizada_assinado.pdf\">ACESSE AQUI<\/a><\/h2>\t\t\t\t<\/div>\n\t\t\t\t<\/div>\n\t\t\t\t<div class=\"elementor-element elementor-element-1244df4 elementor-widget elementor-widget-heading\" data-id=\"1244df4\" data-element_type=\"widget\" data-widget_type=\"heading.default\">\n\t\t\t\t<div class=\"elementor-widget-container\">\n\t\t\t\t\t<h2 class=\"elementor-heading-title elementor-size-default\"><a href=\"https:\/\/sindirevendas.com\/docs\/convencoes\/CONVENC%CC%A7A%CC%83O%20COLETIVA%20DE%20TRABALHO.pdf\">ACESSE AQUI<\/a><\/h2>\t\t\t\t<\/div>\n\t\t\t\t<\/div>\n\t\t\t\t<div class=\"elementor-element elementor-element-2d4ab0d elementor-widget elementor-widget-heading\" data-id=\"2d4ab0d\" data-element_type=\"widget\" data-widget_type=\"heading.default\">\n\t\t\t\t<div class=\"elementor-widget-container\">\n\t\t\t\t\t<h2 class=\"elementor-heading-title elementor-size-default\"><a href=\"https:\/\/sindirevendas.com\/docs\/convencoes\/CCT%20GLP%202025%20-%20Jundia%C3%AD%20%5Bassinado%5D.pdf\">ACESSE AQUI<\/a><\/h2>\t\t\t\t<\/div>\n\t\t\t\t<\/div>\n\t\t\t\t<\/div>\n\t\t\t\t\t<\/div>\n\t\t\t\t<\/div>\n\t\t<div class=\"elementor-element elementor-element-736bb31 e-flex e-con-boxed e-con e-parent\" data-id=\"736bb31\" data-element_type=\"container\">\n\t\t\t\t\t<div class=\"e-con-inner\">\n\t\t\t\t<div class=\"elementor-element elementor-element-9c47bae elementor-view-stacked elementor-widget__width-auto elementor-fixed elementor-shape-circle elementor-widget elementor-widget-icon\" data-id=\"9c47bae\" data-element_type=\"widget\" data-settings=\"{&quot;_position&quot;:&quot;fixed&quot;}\" data-widget_type=\"icon.default\">\n\t\t\t\t<div class=\"elementor-widget-container\">\n\t\t\t\t\t\t\t<div class=\"elementor-icon-wrapper\">\n\t\t\t<a class=\"elementor-icon elementor-animation-shrink\" href=\"http:\/\/wa.me\/5511956585087\">\n\t\t\t<svg aria-hidden=\"true\" class=\"e-font-icon-svg e-fab-whatsapp\" viewBox=\"0 0 448 512\" xmlns=\"http:\/\/www.w3.org\/2000\/svg\"><path d=\"M380.9 97.1C339 55.1 283.2 32 223.9 32c-122.4 0-222 99.6-222 222 0 39.1 10.2 77.3 29.6 111L0 480l117.7-30.9c32.4 17.7 68.9 27 106.1 27h.1c122.3 0 224.1-99.6 224.1-222 0-59.3-25.2-115-67.1-157zm-157 341.6c-33.2 0-65.7-8.9-94-25.7l-6.7-4-69.8 18.3L72 359.2l-4.4-7c-18.5-29.4-28.2-63.3-28.2-98.2 0-101.7 82.8-184.5 184.6-184.5 49.3 0 95.6 19.2 130.4 54.1 34.8 34.9 56.2 81.2 56.1 130.5 0 101.8-84.9 184.6-186.6 184.6zm101.2-138.2c-5.5-2.8-32.8-16.2-37.9-18-5.1-1.9-8.8-2.8-12.5 2.8-3.7 5.6-14.3 18-17.6 21.8-3.2 3.7-6.5 4.2-12 1.4-32.6-16.3-54-29.1-75.5-66-5.7-9.8 5.7-9.1 16.3-30.3 1.8-3.7.9-6.9-.5-9.7-1.4-2.8-12.5-30.1-17.1-41.2-4.5-10.8-9.1-9.3-12.5-9.5-3.2-.2-6.9-.2-10.6-.2-3.7 0-9.7 1.4-14.8 6.9-5.1 5.6-19.4 19-19.4 46.3 0 27.3 19.9 53.7 22.6 57.4 2.8 3.7 39.1 59.7 94.8 83.8 35.2 15.2 49 16.5 66.6 13.9 10.7-1.6 32.8-13.4 37.4-26.4 4.6-13 4.6-24.1 3.2-26.4-1.3-2.5-5-3.9-10.5-6.6z\"><\/path><\/svg>\t\t\t<\/a>\n\t\t<\/div>\n\t\t\t\t\t\t<\/div>\n\t\t\t\t<\/div>\n\t\t\t\t\t<\/div>\n\t\t\t\t<\/div>\n\t\t\t\t<\/div>\n\t\t","protected":false},"excerpt":{"rendered":"<p>CONVEN\u00c7\u00d5ES CONVEN\u00c7\u00c3O INTERIOR DE S\u00c3O PAULO CONVEN\u00c7\u00c3O ATIBAIA E REGI\u00c3O CONVEN\u00c7\u00c3O BAURU CONVEN\u00c7\u00c3O CAMPINAS E REGI\u00c3O CONVEN\u00c7\u00c3O JUNDIAI E REGI\u00c3O CONVEN\u00c7\u00c3O COLETIVA 2024 &#8211; 2025 CONVEN\u00c7\u00c3O COLETIVA de TRABALHO 2025 &#8211; 2026 DOC.1 &#8211; SEEDESP CONVEN\u00c7\u00c3O COLETIVA de TRABALHO 2025 &#8211; 2026 DOC.2 &#8211; CAMPINAS CONVEN\u00c7\u00c3O COLETIVA de TRABALHO 2025 &#8211; 2026 DOC.3 &#8211; JUNDIA\u00cd [&hellip;]<\/p>\n","protected":false},"author":1,"featured_media":0,"parent":0,"menu_order":0,"comment_status":"closed","ping_status":"closed","template":"elementor_header_footer","meta":{"footnotes":""},"class_list":["post-98","page","type-page","status-publish","hentry"],"_hostinger_reach_plugin_has_subscription_block":false,"_hostinger_reach_plugin_is_elementor":false,"_links":{"self":[{"href":"https:\/\/sindirevendas.com\/index.php\/wp-json\/wp\/v2\/pages\/98","targetHints":{"allow":["GET"]}}],"collection":[{"href":"https:\/\/sindirevendas.com\/index.php\/wp-json\/wp\/v2\/pages"}],"about":[{"href":"https:\/\/sindirevendas.com\/index.php\/wp-json\/wp\/v2\/types\/page"}],"author":[{"embeddable":true,"href":"https:\/\/sindirevendas.com\/index.php\/wp-json\/wp\/v2\/users\/1"}],"replies":[{"embeddable":true,"href":"https:\/\/sindirevendas.com\/index.php\/wp-json\/wp\/v2\/comments?post=98"}],"version-history":[{"count":46,"href":"https:\/\/sindirevendas.com\/index.php\/wp-json\/wp\/v2\/pages\/98\/revisions"}],"predecessor-version":[{"id":430,"href":"https:\/\/sindirevendas.com\/index.php\/wp-json\/wp\/v2\/pages\/98\/revisions\/430"}],"wp:attachment":[{"href":"https:\/\/sindirevendas.com\/index.php\/wp-json\/wp\/v2\/media?parent=98"}],"curies":[{"name":"wp","href":"https:\/\/api.w.org\/{rel}","templated":true}]}}